{"id":22334,"date":"2021-08-11T20:54:08","date_gmt":"2021-08-11T20:54:08","guid":{"rendered":"https:\/\/daemlaja.cl\/wp\/?page_id=22334"},"modified":"2022-05-27T14:19:10","modified_gmt":"2022-05-27T14:19:10","slug":"diego-jose-benavente","status":"publish","type":"page","link":"https:\/\/daemlaja.cl\/wp\/diego-jose-benavente\/","title":{"rendered":"DIEGO JOS\u00c9 BENAVENTE"},"content":{"rendered":"<p><strong>Misi\u00f3n: <\/strong><\/p>\n<p>Ofrecer a los y las estudiantes una educaci\u00f3n de calidad, desarrollando al m\u00e1ximo las competencias necesarias, para mejorar significativamente los aprendizajes, implementando y desarrollando un Plan de Mejoramiento Educativo, que les permitir\u00e1 seguir la continuidad\u00a0 de sus estudios con \u00e9xito, basados en el respeto, la solidaridad, honestidad y gran esp\u00edritu de superaci\u00f3n.<\/p>\n<p><strong>Visi\u00f3n:<\/strong><\/p>\n<p>Satisfacer en todo momento las necesidades afectivas, pedag\u00f3gicas, val\u00f3ricas, tecnol\u00f3gicas y conductuales de todos nuestros estudiantes. Centrando todos los esfuerzos en entregar a los ni\u00f1os y ni\u00f1as de 1\u00b0 a 6\u00b0 a\u00f1o b\u00e1sico, una educaci\u00f3n que basa su diferencia en desarrollar competencias digitales y val\u00f3ricas, que los capaciten para la vida, ofreciendo as\u00ed, una educaci\u00f3n de calidad, en la que se desarrolle al m\u00e1ximo sus habilidades, mejorando significativamente los aprendizajes, para que todos logren continuar sus estudios con \u00e9xito.<\/p>\n<p><strong>\u00a0<\/strong><\/p>\n<p><strong>Historia:<\/strong><\/p>\n<p>Esta Unidad Educativa est\u00e1 ubicada al Sur este de la comuna de Laja ,a unos 20 Km. en el sector Los Chorrillos , funciona en terrenos donados para efectos educacionales desde el a\u00f1o 1982 <strong>.<\/strong><\/p>\n<p>Esta Unidad Educativa hace posible el acercamiento a la Comuna venciendo el aislamiento y las condiciones de dif\u00edcil acceso.<\/p>\n<p>La presencia de esta Unidad Educativa en el sector durante sus 39 a\u00f1os de existencia s\u00f3lo ha permitido otorgar formaci\u00f3n educacional a alumnos y alumnas de 1\u00ba a 6\u00ba a\u00f1o de Educaci\u00f3n General B\u00e1sica.<\/p>\n<p>La Escuela Diego Jos\u00e9 Benavente Bustamante, funciona con Jornada Escolar Completa, adscrita al MECE rural, Unidocente con un curso multigrado. Cuenta con una matr\u00edcula de 07estudiantes, actualmente la escuela cuenta con el Proyecto de Integraci\u00f3n.<\/p>\n<p>La dotaci\u00f3n docente de este establecimiento est\u00e1 conformada\u00a0 por\u00a0 un docente directivo y de aula, y el apoyo de una profesora especialista de Ingl\u00e9s, un profesor de integraci\u00f3n, una asistente pedag\u00f3gica, adem\u00e1s cuenta con un asistente de la educaci\u00f3n y una manipuladora de alimentos, siendo hoy la \u00fanica escuela unidocente de la comuna.<\/p>\n<p>En la actualidad la infraestructura con que cuenta se utiliza de ella dos salas,<\/p>\n<p>una para clases permanente y otra como sala multiuso. Tambi\u00e9n cuenta\u00a0 con una sala como bodega, 3 ba\u00f1os para damas y 3 para varones ,m\u00e1s un ba\u00f1o para profesores.<\/p>\n<p>La prioridad tanto de la docente que labora en este establecimiento como la del resto de las personas que aqu\u00ed trabajan es el aprovechamiento y optimizaci\u00f3n de los recursos disponibles para mejorar el nivel acad\u00e9mico de sus alumnos y alumnas, de tal manera que puedan continuar en cualquier establecimiento sus estudios.<\/p>\n<p>La formaci\u00f3n val\u00f3rica y actitudinal de nuestros estudiantes se va aplicando en los objetivos que apuntan a una formaci\u00f3n integral, aut\u00f3noma, liderazgo, como as\u00ed la empat\u00eda, para con ello enfrentar cualquier desaf\u00edo en la vida social y si fuese necesario en la vida laboral.<\/p>\n<p>Esta escuela cuenta con excelencia Acad\u00e9mica desde el 2016 y certificaci\u00f3n ambiental de excelencia desde el mismo a\u00f1o.<\/p>\n<p><strong>Docente Encargada:<\/strong> Sandra Parra &#8211; sandra.parra@daemlaja.cl &#8211; escueladjbenavente@daemlaja.cl<\/p>\n<p>&nbsp;<\/p>\n<p><strong>\u00a0<\/strong><\/p>\n<p>&nbsp;<\/p>\n","protected":false},"excerpt":{"rendered":"<p>Misi\u00f3n: Ofrecer a los y las estudiantes una educaci\u00f3n de calidad, desarrollando al m\u00e1ximo las competencias necesarias, para mejorar significativamente los aprendizajes, implementando y desarrollando un Plan de Mejoramiento Educativo, que les permitir\u00e1 seguir la continuidad\u00a0 de sus estudios con \u00e9xito, basados en el respeto, la solidaridad, honestidad y gran esp\u00edritu de superaci\u00f3n. Visi\u00f3n: Satisfacer [&hellip;]<\/p>\n","protected":false},"author":6,"featured_media":0,"parent":0,"menu_order":0,"comment_status":"closed","ping_status":"closed","template":"","meta":{"_uag_custom_page_level_css":"","site-sidebar-layout":"default","site-content-layout":"","ast-site-content-layout":"","site-content-style":"default","site-sidebar-style":"default","ast-global-header-display":"","ast-banner-title-visibility":"","ast-main-header-display":"","ast-hfb-above-header-display":"","ast-hfb-below-header-display":"","ast-hfb-mobile-header-display":"","site-post-title":"","ast-breadcrumbs-content":"","ast-featured-img":"","footer-sml-layout":"","theme-transparent-header-meta":"","adv-header-id-meta":"","stick-header-meta":"","header-above-stick-meta":"","header-main-stick-meta":"","header-below-stick-meta":"","astra-migrate-meta-layouts":"default","ast-page-background-enabled":"default","ast-page-background-meta":{"desktop":{"background-color":"var(--ast-global-color-4)","background-image":"","background-repeat":"repeat","background-position":"center center","background-size":"auto","background-attachment":"scroll","background-type":"","background-media":"","overlay-type":"","overlay-color":"","overlay-opacity":"","overlay-gradient":""},"tablet":{"background-color":"","background-image":"","background-repeat":"repeat","background-position":"center center","background-size":"auto","background-attachment":"scroll","background-type":"","background-media":"","overlay-type":"","overlay-color":"","overlay-opacity":"","overlay-gradient":""},"mobile":{"background-color":"","background-image":"","background-repeat":"repeat","background-position":"center center","background-size":"auto","background-attachment":"scroll","background-type":"","background-media":"","overlay-type":"","overlay-color":"","overlay-opacity":"","overlay-gradient":""}},"ast-content-background-meta":{"desktop":{"background-color":"var(--ast-global-color-5)","background-image":"","background-repeat":"repeat","background-position":"center center","background-size":"auto","background-attachment":"scroll","background-type":"","background-media":"","overlay-type":"","overlay-color":"","overlay-opacity":"","overlay-gradient":""},"tablet":{"background-color":"var(--ast-global-color-5)","background-image":"","background-repeat":"repeat","background-position":"center center","background-size":"auto","background-attachment":"scroll","background-type":"","background-media":"","overlay-type":"","overlay-color":"","overlay-opacity":"","overlay-gradient":""},"mobile":{"background-color":"var(--ast-global-color-5)","background-image":"","background-repeat":"repeat","background-position":"center center","background-size":"auto","background-attachment":"scroll","background-type":"","background-media":"","overlay-type":"","overlay-color":"","overlay-opacity":"","overlay-gradient":""}},"ngg_post_thumbnail":0,"footnotes":""},"class_list":["post-22334","page","type-page","status-publish","hentry"],"uagb_featured_image_src":{"full":false,"thumbnail":false,"medium":false,"medium_large":false,"large":false,"1536x1536":false,"2048x2048":false},"uagb_author_info":{"display_name":"Cristian Matamala","author_link":false},"uagb_comment_info":0,"uagb_excerpt":"Misi\u00f3n: Ofrecer a los y las estudiantes una educaci\u00f3n de calidad, desarrollando al m\u00e1ximo las competencias necesarias, para mejorar significativamente los aprendizajes, implementando y desarrollando un Plan de Mejoramiento Educativo, que les permitir\u00e1 seguir la continuidad\u00a0 de sus estudios con \u00e9xito, basados en el respeto, la solidaridad, honestidad y gran esp\u00edritu de superaci\u00f3n. Visi\u00f3n: Satisfacer&hellip;","_links":{"self":[{"href":"https:\/\/daemlaja.cl\/wp\/wp-json\/wp\/v2\/pages\/22334","targetHints":{"allow":["GET"]}}],"collection":[{"href":"https:\/\/daemlaja.cl\/wp\/wp-json\/wp\/v2\/pages"}],"about":[{"href":"https:\/\/daemlaja.cl\/wp\/wp-json\/wp\/v2\/types\/page"}],"author":[{"embeddable":true,"href":"https:\/\/daemlaja.cl\/wp\/wp-json\/wp\/v2\/users\/6"}],"replies":[{"embeddable":true,"href":"https:\/\/daemlaja.cl\/wp\/wp-json\/wp\/v2\/comments?post=22334"}],"version-history":[{"count":6,"href":"https:\/\/daemlaja.cl\/wp\/wp-json\/wp\/v2\/pages\/22334\/revisions"}],"predecessor-version":[{"id":26459,"href":"https:\/\/daemlaja.cl\/wp\/wp-json\/wp\/v2\/pages\/22334\/revisions\/26459"}],"wp:attachment":[{"href":"https:\/\/daemlaja.cl\/wp\/wp-json\/wp\/v2\/media?parent=22334"}],"curies":[{"name":"wp","href":"https:\/\/api.w.org\/{rel}","templated":true}]}}