{"id":23429,"date":"2022-04-01T18:56:32","date_gmt":"2022-04-01T18:56:32","guid":{"rendered":"https:\/\/daemlaja.cl\/wp\/?page_id=23429"},"modified":"2022-04-01T18:56:32","modified_gmt":"2022-04-01T18:56:32","slug":"puente-perales","status":"publish","type":"page","link":"https:\/\/daemlaja.cl\/wp\/puente-perales\/","title":{"rendered":"PUENTE PERALES"},"content":{"rendered":"<p><strong>ESCUELA PUENTE PERALES<\/strong><\/p>\n<p style=\"text-align: justify;\"><strong>MISI\u00d3N<\/strong><br \/>\nContribuir a la formaci\u00f3n integral de personas competentes, aut\u00f3nomas, creativas y de pensamientos cr\u00edtico a trav\u00e9s de una educaci\u00f3n y\/o ense\u00f1anza inclusiva, fundamentada en s\u00f3lidos valores morales y en la sana convivencia escolar que les permita adaptarse a los desaf\u00edos de la sociedad actual.<\/p>\n<p><strong>VISI\u00d3N<\/strong><br \/>\nLa Escuela espera ser un centro educativo inclusivo y abierto a la comunidad que proporcione educaci\u00f3n de calidad a sus estudiantes, potenciando el desarrollo integral de alumnas y alumnos, entregando herramientas para el desarrollo tanto de habilidades acad\u00e9micas como tambi\u00e9n habilidades blandas y valores, que permitan a los estudiantes adaptarse a los diferentes contextos a los que se vean enfrentados y fomentando la equidad de g\u00e9nero, el respeto a la diversidad cultural, social, religiosa y el medio ambiente.<\/p>\n<p><strong>REGLAMENTO CONVIVENCIA ESCOLAR<\/strong><\/p>\n<p>El estudiante de nuestra Escuela, de acuerdo a su nivel de madurez, tiene<br \/>\nel derecho y la responsabilidad de ayudar en la creaci\u00f3n y mantenci\u00f3n<br \/>\ndel clima educativo.<\/p>\n<p><em>DE LOS DERECHOS DE LOS ESTUDIANTES<\/em><br \/>\nArt 5\u00b0 Todos los miembros de la comunidad educativa est\u00e1n obligados a respetar los derechos de los estudiantes, a saber:<br \/>\n1. Recibir una formaci\u00f3n integral, que asegure el pleno desarrollo personal sustentado en la vivencia de los diferentes valores.<br \/>\n2. La igualdad de oportunidades, respecto al derecho de las mismas oportunidades de acceso a los distintos niveles de ense\u00f1anza, conforme a los criterios y posibilidades de la Escuela.<br \/>\n3. El rendimiento escolar ser\u00e1 evaluado de acuerdo al reglamento respectivo.<br \/>\n4. Recibir orientaci\u00f3n escolar, vocacional y profesional, para propiciar el desarrollo escolar, vocacional, social y personal, seg\u00fan sus capacidades, aspiraciones e intereses.<br \/>\n5. Condiciones de seguridad e higiene, de acuerdo al Reglamento Interno del Establecimiento. En caso de accidentes escolares, tendr\u00e1n los beneficios del seguro de accidente escolar.<br \/>\n6. Libertad de conciencia de los estudiantes, concordante con el Proyecto Educativo de la escuela.<br \/>\n7. Respeto de la integridad f\u00edsica y moral, valorando la dignidad personal de los estudiantes.<br \/>\n8. Participar de la vida del colegio, a trav\u00e9s de diversas actividades escolares.<br \/>\n9. Elegir y ser elegido en representaci\u00f3n de sus cursos, del Centro de Estudiantes.<br \/>\n10. Ser informado en cuestiones propias de la Escuela.<br \/>\n11. Libertad de expresi\u00f3n, con respeto a los miembros de la comunidad<br \/>\neducativa y a las instituciones.<br \/>\n12. Utilizar las instalaciones de la escuela conforme a la normativa y funcionamiento de cada una de ellas.<\/p>\n<p><em>RESPONSABILIDAD ACAD\u00c9MICA.<\/em><br \/>\nDentro de la formaci\u00f3n integral, el desarrollo de la responsabilidad de los educandos es muy importante, de manera tal que:<br \/>\na) El estudiante, se esforzar\u00e1 por aprovechar todas las instancias educativas y formativas que la Escuela ponga a su disposici\u00f3n.<br \/>\nArt 9\u00b0 Evaluaci\u00f3n de los aprendizajes: los alumnos se regir\u00e1n de acuerdo al Reglamento de Evaluaci\u00f3n y Promoci\u00f3n de la Escuela Puente Perales.<\/p>\n<p>Art 10\u00b0 En relaci\u00f3n a las actividades externas que pueden realizar los estudiantes, se regir\u00e1n por la siguiente normativa:<br \/>\na) La salida de los estudiantes que impliquen el abandono del establecimiento s\u00f3lo pueden realizarse si existe una autorizaci\u00f3n previarmada por el Apoderado.<br \/>\nb) La misma norma rige para la participaci\u00f3n en todas las Actividades extra program\u00e1ticas.<\/p>\n<p><em>DEBERES DE LOS ESTUDIANTES<\/em><br \/>\nEl estudiante como tal, deber\u00e1 participar activamente en todas las instancias educativas y formativas que la Escuela ponga a su disposici\u00f3n, para conseguir resultados de aprendizaje, debiendo para ello:<br \/>\n1.- Asistir a clases diariamente.<br \/>\n2.- Permanecer en el Establecimiento hasta que analice su jornada escolar.<br \/>\n3.- Ingresar puntualmente a clases, seg\u00fan horario.<br \/>\n4.- Asistir a clases de preferencia con su uniforme completo.<br \/>\n5.- Asistir a clases con la higiene personal su cliente.<br \/>\n6.- Presentarse a clases con todos sus materiales y tareas solicitadas.<br \/>\n7.- En la sala de clases, cumplir las cinco normas de funcionamiento en el aula:<br \/>\na) Escuchar en silencio al profesor o profesora.<br \/>\nb) Realizar la actividad se\u00f1alada por el profesor o profesora.<br \/>\nc) Levantar la mano para pedir la palabra.<br \/>\nd) Tratar bien a sus compa\u00f1eros y profesores.<br \/>\ne) Dejar limpio y ordenado su puesto de trabajo.<br \/>\n8.- Respetar el derecho de sus compa\u00f1eros\/as de participar de una clase ordenada y sin interrupciones que afecten negativamente el logro de aprendizaje de los estudiantes.<br \/>\n9.- Asistir a talleres, entrevistas, clases de reforzamiento, orientaci\u00f3n u otra establecida por la escuela, o bien, en la que el estudiante haya comprometido su participaci\u00f3n.<br \/>\n10. Asistir a todas las evaluaciones, escritas u orales.<br \/>\n11. Abstenerse del uso en clases de celulares, juegos, m\u00fasica, u otro que no sea requerido por el profesor (a) para el desarrollo de la clase y\/o que interrumpiera con el normal desarrollo de la clase.<br \/>\n12. Hacer buen uso y mantener en buen estado las instalaciones y mobiliario del establecimiento, lo que implica, no rayarlos, no golpearlos y no utilizarlos para diferentes o contrarios para lo que est\u00e1n destinados.<br \/>\n13. Respetar las normas de funcionamiento de los distintos espacios del establecimiento: CRA, Ba\u00f1os, Comedor, Laboratorio de Computaci\u00f3n, etc.<br \/>\n14. Mantener un adecuado registro de sus materias (cuadernos, cuadernillos, libros, gu\u00edas, carpetas, etc.), el que podr\u00e1 ser supervisado en cualquier momento.<\/p>\n<p><strong>HISTORIA Y ANTECEDENTES<\/strong><br \/>\nLa escuela \u201cPuente Perales\u201d, creada por decreto 2040 del a\u00f1o 1964 bajo la presidencia de don Eduardo Frei Montalva., se encuentra ubicada en el sector \u201cPuente Perales\u201d de la comuna de laja, a 20 kms. de la cabecera comunal, Laja y a 30 kms. de la capital provincial, Los \u00c1ngeles.<br \/>\nEn la actualidad la Unidad Educativa atiende en jornada escolar completa, distribuidos en nueve niveles de Pre- K\u00ednder a Octavo a\u00f1o b\u00e1sico, los cuales provienen de familias con residencia en sectores rurales de las comunas de Laja y Los \u00c1ngeles.<br \/>\nEl recurso humano de la Escuela est\u00e1 integrada por director, jefe UTP, dos educadoras de p\u00e1rvulos, profesores de Educaci\u00f3n General B\u00e1sica, una profesora de ingl\u00e9s, una profesora de Educaci\u00f3n Diferencial, un Coordinador de Educaci\u00f3n Ambiental, dos manipuladoras de alimentos y dos auxiliares.<br \/>\nPara apoyar a los alumnos con necesidades educativas especiales (NEE). Contratados a trav\u00e9s de la SEP, se dispone de profesionales :<br \/>\nPsicol\u00f3gico, Asistente Social, Fonoaudi\u00f3logo.<br \/>\nSe encuentra tambi\u00e9n con una profesional que atiende el programa Restituci\u00f3n de saberes.<br \/>\nLa infraestructura existente esta conformada por un edificio de construcci\u00f3n solida que incluye dependencias en \u00f3ptimas condiciones para atender las necesidades del que hacer educativo.<br \/>\nDesde el a\u00f1o 2002 la Escuela participa del proyecto Fundaci\u00f3n CMPC, adem\u00e1s desde el 2007 esta integrada al proyecto comunal de Certificaci\u00f3n Ambiental: \u201cTodos contra la basura\u201d. La escuela tambi\u00e9n participa en el Proyecto Comunal de integraci\u00f3n y a partir del 2007 en el Proyecto Comunal de Articulaci\u00f3n Pedag\u00f3gica.( Pre- B\u00e1sica).<br \/>\nEl Establecimiento adem\u00e1s cuenta con un plan estrat\u00e9gico de uso de las TIC. (Tecnolog\u00eda de la informaci\u00f3n y Comunicaci\u00f3n). Incorporando a nuestro Proyecto Institucional metas de alfabetizaci\u00f3n digital para todos los alumnos que ingresen a nuestra Unidad Educativa y metas de uso dominio de los recursos de Microsoft para todos los alumnos egresados de nuestro Colegio.<\/p>\n<p style=\"text-align: justify;\"><strong>Maider Carrasco Espinoza, directora encargada\u00a0<\/strong><\/p>\n<p style=\"text-align: justify;\"><strong>Escuela Puente Perales<\/strong><\/p>\n<p style=\"text-align: justify;\"><strong>Sector Puente Perales, Ruta Q-20<\/strong><\/p>\n<p style=\"text-align: justify;\"><strong>Fono 043\u00a02549328<\/strong><\/p>\n<p style=\"text-align: justify;\"><strong>Mail: escuela.pteperales@gmail.com<\/strong><\/p>\n<p style=\"text-align: justify;\"><strong>Laja<\/strong><\/p>\n<p style=\"text-align: justify;\"><strong><a href=\"https:\/\/daemlaja.cl\/wp\/wp-content\/uploads\/2015\/02\/Solicitud-Horaria.docx\">Solicitud Horaria<\/a><\/strong><\/p>\n","protected":false},"excerpt":{"rendered":"<p>ESCUELA PUENTE PERALES MISI\u00d3N Contribuir a la formaci\u00f3n integral de personas competentes, aut\u00f3nomas, creativas y de pensamientos cr\u00edtico a trav\u00e9s de una educaci\u00f3n y\/o ense\u00f1anza inclusiva, fundamentada en s\u00f3lidos valores morales y en la sana convivencia escolar que les permita adaptarse a los desaf\u00edos de la sociedad actual. VISI\u00d3N La Escuela espera ser un centro [&hellip;]<\/p>\n","protected":false},"author":6,"featured_media":0,"parent":0,"menu_order":0,"comment_status":"closed","ping_status":"closed","template":"","meta":{"_uag_custom_page_level_css":"","site-sidebar-layout":"default","site-content-layout":"","ast-site-content-layout":"","site-content-style":"default","site-sidebar-style":"default","ast-global-header-display":"","ast-banner-title-visibility":"","ast-main-header-display":"","ast-hfb-above-header-display":"","ast-hfb-below-header-display":"","ast-hfb-mobile-header-display":"","site-post-title":"","ast-breadcrumbs-content":"","ast-featured-img":"","footer-sml-layout":"","theme-transparent-header-meta":"","adv-header-id-meta":"","stick-header-meta":"","header-above-stick-meta":"","header-main-stick-meta":"","header-below-stick-meta":"","astra-migrate-meta-layouts":"default","ast-page-background-enabled":"default","ast-page-background-meta":{"desktop":{"background-color":"var(--ast-global-color-4)","background-image":"","background-repeat":"repeat","background-position":"center center","background-size":"auto","background-attachment":"scroll","background-type":"","background-media":"","overlay-type":"","overlay-color":"","overlay-opacity":"","overlay-gradient":""},"tablet":{"background-color":"","background-image":"","background-repeat":"repeat","background-position":"center center","background-size":"auto","background-attachment":"scroll","background-type":"","background-media":"","overlay-type":"","overlay-color":"","overlay-opacity":"","overlay-gradient":""},"mobile":{"background-color":"","background-image":"","background-repeat":"repeat","background-position":"center center","background-size":"auto","background-attachment":"scroll","background-type":"","background-media":"","overlay-type":"","overlay-color":"","overlay-opacity":"","overlay-gradient":""}},"ast-content-background-meta":{"desktop":{"background-color":"var(--ast-global-color-5)","background-image":"","background-repeat":"repeat","background-position":"center center","background-size":"auto","background-attachment":"scroll","background-type":"","background-media":"","overlay-type":"","overlay-color":"","overlay-opacity":"","overlay-gradient":""},"tablet":{"background-color":"var(--ast-global-color-5)","background-image":"","background-repeat":"repeat","background-position":"center center","background-size":"auto","background-attachment":"scroll","background-type":"","background-media":"","overlay-type":"","overlay-color":"","overlay-opacity":"","overlay-gradient":""},"mobile":{"background-color":"var(--ast-global-color-5)","background-image":"","background-repeat":"repeat","background-position":"center center","background-size":"auto","background-attachment":"scroll","background-type":"","background-media":"","overlay-type":"","overlay-color":"","overlay-opacity":"","overlay-gradient":""}},"ngg_post_thumbnail":0,"footnotes":""},"class_list":["post-23429","page","type-page","status-publish","hentry"],"uagb_featured_image_src":{"full":false,"thumbnail":false,"medium":false,"medium_large":false,"large":false,"1536x1536":false,"2048x2048":false},"uagb_author_info":{"display_name":"Cristian Matamala","author_link":false},"uagb_comment_info":0,"uagb_excerpt":"ESCUELA PUENTE PERALES MISI\u00d3N Contribuir a la formaci\u00f3n integral de personas competentes, aut\u00f3nomas, creativas y de pensamientos cr\u00edtico a trav\u00e9s de una educaci\u00f3n y\/o ense\u00f1anza inclusiva, fundamentada en s\u00f3lidos valores morales y en la sana convivencia escolar que les permita adaptarse a los desaf\u00edos de la sociedad actual. VISI\u00d3N La Escuela espera ser un centro&hellip;","_links":{"self":[{"href":"https:\/\/daemlaja.cl\/wp\/wp-json\/wp\/v2\/pages\/23429","targetHints":{"allow":["GET"]}}],"collection":[{"href":"https:\/\/daemlaja.cl\/wp\/wp-json\/wp\/v2\/pages"}],"about":[{"href":"https:\/\/daemlaja.cl\/wp\/wp-json\/wp\/v2\/types\/page"}],"author":[{"embeddable":true,"href":"https:\/\/daemlaja.cl\/wp\/wp-json\/wp\/v2\/users\/6"}],"replies":[{"embeddable":true,"href":"https:\/\/daemlaja.cl\/wp\/wp-json\/wp\/v2\/comments?post=23429"}],"version-history":[{"count":1,"href":"https:\/\/daemlaja.cl\/wp\/wp-json\/wp\/v2\/pages\/23429\/revisions"}],"predecessor-version":[{"id":23431,"href":"https:\/\/daemlaja.cl\/wp\/wp-json\/wp\/v2\/pages\/23429\/revisions\/23431"}],"wp:attachment":[{"href":"https:\/\/daemlaja.cl\/wp\/wp-json\/wp\/v2\/media?parent=23429"}],"curies":[{"name":"wp","href":"https:\/\/api.w.org\/{rel}","templated":true}]}}